{"id":101,"date":"2016-09-06T21:37:55","date_gmt":"2016-09-06T21:37:55","guid":{"rendered":"http:\/\/www.farmacia-lusitana.com\/?page_id=101"},"modified":"2019-01-08T17:22:42","modified_gmt":"2019-01-08T17:22:42","slug":"novidades","status":"publish","type":"page","link":"https:\/\/www.farmacialusitana.com\/index.php\/novidades\/","title":{"rendered":"Not\u00edcias, Novidades e Promo\u00e7\u00f5es"},"content":{"rendered":"<div class=\"be-section         clearfix\" data-headerscheme=\"background--light\" style=\" \"  ><div class=\"be-section-pad clearfix \" style=\" padding-top:90px;padding-bottom:90px;\" data-padding-top = \"90\"><div  class=\"be-row be-wrap clearfix zero-bottom \"><div  class=\"one-col column-block clearfix  no-background    \" data-animation=\"\" style=\"  \"><div class=\"be-custom-column-inner\"><div class=\"special-heading-wrap style2 align-center  be-animate scrollToFade\" data-animation=\"fadeIn\"><div class=\"special-heading\" style=\"border-width:2px; border-color: #3e5997; padding: 20px 30px ;\"><h5 class=\"special-h-tag\" style=\"color: #3e5997;\" >SIGA-NOS NO FACEBOOK<\/h5><\/div><\/div><link href=\"https:\/\/stackpath.bootstrapcdn.com\/font-awesome\/4.7.0\/css\/font-awesome.min.css\" rel=\"stylesheet\" integrity=\"sha384-wvfXpqpZZVQGK6TAh5PVlGOfQNHSoD2xbE+QkPxCAFlNEevoEH3Sl0sibVcOQVnN\" crossorigin=\"anonymous\">\r\n<style>\r\n\r\n.social-feed-container-592 .fa-facebook{\r\n}\r\n.social-feed-container-592 .fa-twitter{\r\n}\r\n.social-feed-container-592 .fa-instagram{\r\n}\r\n.social-feed-container-592 .fa-pinterest{\r\n}\r\n.social-feed-container-592 .fa-vk{\r\n}\r\n.social-feed-container-592 .social-feed-element a{\r\ncolor: #0088cc !important;\r\ntext-decoration: none !important;\r\ndisplay: block !important;\r\nborder-bottom: none !important;\r\n}\r\n\r\n.social-feed-container-592 .media-object{\r\n\r\n\r\n\r\n}\r\n.social-feed-container-592 .pull-right{\r\n\r\n}\r\n.social-feed-container-592 .text-wrapper{\r\n\r\n}\r\n.social-feed-container-592 .content{\r\nbackground:  !important;\r\n}\r\n.social-feed-container-592 .text-wrapper{\r\n\r\n}\r\n.social-feed-container-592 .pull-right{\r\n\r\n}\r\n.social-feed-container-592 p.social-feed-text{\r\n}\r\n.social-feed-container-592 .social-feed-element .media-body{\r\n}\r\n.social-feed-container-592 .pull-right{\r\n        }\r\n<\/style>\r\n\r\n<div id=\"social-feed-container-592\" class=\"social-feed-container-592\"> \r\n\r\n<\/div>\r\n\r\n<script>\r\n\r\nvar sfbap1_date_posted_lang = '';\r\n\r\nvar sfbap1_access_token = '';\r\nvar sfbap1_show_photos_from_twitter = '';\r\n\r\nvar sfbap1_private_access_token = '';\r\nvar instagram_query_string = '';\r\nvar instagram_limit = '';\r\nvar sfbap1_theme_selection = '';\r\nvar sfbap1_limit_post_characters = '';\r\n\r\nvar sfbap1_facebook_access_token = '';\r\n\r\nvar sfbap1_enable_facebook_feed = '';\r\nif(sfbap1_enable_facebook_feed == '1'){\r\n\tvar sfbap1_facebook_page_id = '@'+'';\r\n}else{\r\n\tvar sfbap1_facebook_page_id = '';\r\n}\r\n\r\n\r\nvar sfbap1_enable_twitter_feed = '';\r\nvar sfbap1_show_photos_from_twitter = '';\r\nvar twitter_query_string = '';\r\n\r\n\r\nif(sfbap1_enable_twitter_feed == '1'){\r\n\tif(sfbap1_show_photos_from_twitter == 'userid'){\r\n\t\tvar twitter_query_string = '';\r\n\t}\r\n\tif(sfbap1_show_photos_from_twitter == 'hashtag'){\r\n\t\tvar twitter_query_string = '';\r\n\t}\r\n}else{\r\n\r\nvar twitter_query_string = '';\r\n}\r\n\r\n\r\n\r\n\r\nvar sfbap1_enable_instagram_feed = '';\r\nvar sfbap1_show_photos_from_instagram = '';\r\nvar instagram_query_string = '';\r\n\r\nif(sfbap1_enable_instagram_feed == '1'){\r\n\tif(sfbap1_show_photos_from_instagram == 'userid'){\r\n        var instagram_query_string = '&'+'';\r\n\t}\r\n\tif(sfbap1_show_photos_from_instagram == 'hashtag'){\r\n\t\tvar instagram_query_string = '#'+'';\r\n\r\n\t}\r\n}else{\r\n\r\n\tvar instagram_query_string = '';\r\n}\r\n\r\n\r\n\r\nvar pinterest_query_string = '';\r\nvar sfbap1_enable_pinterest_feed = '';\r\nif(sfbap1_enable_pinterest_feed == '1'){\r\n\tvar pinterest_query_string = '@'+'';\r\n}else{\r\n\tvar pinterest_query_string = '';\r\n}\r\n\r\n\r\n\r\nvar vk_query_string = '';\r\nvar sfbap1_enable_vk_feed = '';\r\nif(sfbap1_enable_vk_feed == '1'){\r\n\tvar vk_query_string = '@'+'';\r\n}else{\r\n\tvar vk_query_string = '';\r\n}\r\n\r\n\r\nvar sfbap1_number_facebook = '';\r\nvar sfbap1_number_facebook = '';\r\n\r\nvar sfbap1_number_twitter = '';\r\nvar sfbap1_number_twitter = '';\r\n\r\nvar sfbap1_number_instagram = '';\r\nvar sfbap1_number_instagram = '';\r\n\r\nvar sfbap1_number_pinterest = '';\r\nvar sfbap1_number_pinterest = '';\r\n\r\nvar sfbap1_number_vk = '';\r\nvar sfbap1_number_vk = '';\r\n\r\n\r\njQuery(document).ready(function(){\r\nif(sfbap1_private_access_token == ''){\r\n\r\n}else{\r\nsfbap1_access_token = sfbap1_private_access_token;\r\n}\r\njQuery('.social-feed-container-'+592).socialfeed({\r\n\r\nfacebook: {\r\n    accounts: [sfbap1_facebook_page_id],\r\n    limit: sfbap1_number_facebook,\r\n    access_token: sfbap1_facebook_access_token \r\n},\r\ntwitter: {\r\n    proxy: \"https:\/\/www.arrowplugins.com\/codebird-cors-proxy\/\",\r\n    accounts: [twitter_query_string],\r\n    limit: sfbap1_number_twitter,\r\n    consumer_key: 'DDWeMCGG2r1ZPV4rEqmmqbhPq', \/\/ make sure to have your app read-only\r\n    consumer_secret: 'Ue93hc5ftyPMomjduoMcAZQOMeZWQNTFY8VfrjHNvWeSJ9Un1W', \/\/ make sure to have your app read-only\r\n},\r\ninstagram: {\r\n    accounts: [instagram_query_string],\r\n    limit: sfbap1_number_instagram,\r\n    access_token: sfbap1_access_token\r\n},\r\npinterest:{\r\n\taccounts: [pinterest_query_string],   \/\/Array: Specify a list of accounts from which to pull posts\r\n\tlimit: sfbap1_number_pinterest,                                   \/\/Integer: max number of posts to load\r\n\taccess_token: 'AQK4c3hYm0NBCNDKrYSo3iTSa533FSpWCYgIRz9E5KX9oOA0nQAAAAA' \/\/String: Pinterest client id\r\n},\r\nvk: {\r\n    accounts: [vk_query_string],\r\n    limit: sfbap1_number_vk,\r\n    source: 'all'\r\n},\r\n\t\tlength: sfbap1_limit_post_characters,\r\n        show_media :true,\r\n        \r\n\t\t\/\/ Moderation function - if returns false, template will have class hidden\r\n\t\t\r\n\t\t\/\/update_period: 5000,\r\n\t\t\/\/ When all the posts are collected and displayed - this function is evoked\r\n\t\t\r\n});\r\n\r\n\r\n});\r\n\r\nmoment.locale(sfbap1_date_posted_lang);\r\nconsole.log(moment.locale(sfbap1_date_posted_lang));\r\n<\/script>\r\n\r\n\r\n<p><a href=\"https:\/\/www.facebook.com\/farmacia.perfumaria.lusitana\/\" target=\"_blank\">Visite-nos no facebook!<\/a><\/p>\n<\/div><\/div><\/div><\/div><\/div>","protected":false},"excerpt":{"rendered":"<p>SIGA-NOS NO FACEBOOK Visite-nos no facebook!<\/p>\n<p><a href=\"https:\/\/www.farmacialusitana.com\/index.php\/novidades\/\" class=\"more-link style1-button\">Read More<\/a><\/p>","protected":false},"author":1,"featured_media":0,"parent":0,"menu_order":0,"comment_status":"closed","ping_status":"closed","template":"page-with-title.php","meta":[],"_links":{"self":[{"href":"https:\/\/www.farmacialusitana.com\/index.php\/wp-json\/wp\/v2\/pages\/101"}],"collection":[{"href":"https:\/\/www.farmacialusitana.com\/index.php\/wp-json\/wp\/v2\/pages"}],"about":[{"href":"https:\/\/www.farmacialusitana.com\/index.php\/wp-json\/wp\/v2\/types\/page"}],"author":[{"embeddable":true,"href":"https:\/\/www.farmacialusitana.com\/index.php\/wp-json\/wp\/v2\/users\/1"}],"replies":[{"embeddable":true,"href":"https:\/\/www.farmacialusitana.com\/index.php\/wp-json\/wp\/v2\/comments?post=101"}],"version-history":[{"count":3,"href":"https:\/\/www.farmacialusitana.com\/index.php\/wp-json\/wp\/v2\/pages\/101\/revisions"}],"predecessor-version":[{"id":227,"href":"https:\/\/www.farmacialusitana.com\/index.php\/wp-json\/wp\/v2\/pages\/101\/revisions\/227"}],"wp:attachment":[{"href":"https:\/\/www.farmacialusitana.com\/index.php\/wp-json\/wp\/v2\/media?parent=101"}],"curies":[{"name":"wp","href":"https:\/\/api.w.org\/{rel}","templated":true}]}}