{"id":12,"date":"2016-09-05T13:32:10","date_gmt":"2016-09-05T13:32:10","guid":{"rendered":"http:\/\/farmacia-lusitana.com\/?page_id=12"},"modified":"2025-01-03T15:54:40","modified_gmt":"2025-01-03T15:54:40","slug":"contactos-farmacia-lusitana-vila-do-conde-de-servico","status":"publish","type":"page","link":"https:\/\/www.farmacialusitana.com\/index.php\/contactos-farmacia-lusitana-vila-do-conde-de-servico\/","title":{"rendered":"Contactos"},"content":{"rendered":"<div class=\"be-section         clearfix\" data-headerscheme=\"background--light\" style=\" \"  ><div class=\"be-section-pad clearfix \" style=\" padding-top:30px;padding-bottom:20px;\" data-padding-top = \"30\"><div class=\"be-row-wrap be-column-spacing clearfix\" style=\"border-spacing:25px 0;\"><div  class=\"be-row be-wrap  zero-bottom be-no-space \"><div  class=\"one-half column-block  no-background be-bg-cover   \" data-animation=\"\" style=\"  \"><div class=\"be-custom-column-pad\" style=\"padding-top: 10px;padding-right: 10px;padding-bottom: 20px;padding-left: 20px;\"><p><strong>Poder\u00e1 nos enviar uma mensagem atrav\u00e9s do formul\u00e1rio que se encontra nesta p\u00e1gina, utilizar os n\u00fameros de telefone que disponibilizamos ou dirigir-se \u00e0 Farm\u00e1cia Lusitana.<\/strong><\/p>\n<hr class=\"separator\" style=\"background-color:#9bc99a;color:#9bc99a;height:2px;width:100%;\" \/><div class=\"be-text-block be-animate scrollToFade\" data-animation=\"slideInLeft\"><div class=\"be-text-inner clearfix\" style=\"width: 100%%; margin: 0 auto 30px;\"><div id=\"bottom-widgets-wrap\" class=\"be-wrap be-row clearfix\">\n<div class=\"one-fourth column-block clearfix\">\n<div class=\"widget_text widget\">\n<div class=\"textwidget\">\n<p><strong>Farm\u00e1cia Lusitana<\/strong><br \/>\nDir. T\u00e9cnica Dr.\u00aa S\u00f3nia Sousa Vale<br \/>\nPra\u00e7a Luis de Cam\u00f5es, 20<br \/>\n4480-719 Vila do Conde<\/p>\n<p>Propriedade de 4480 Farm\u00e1cia Lda<br \/>\nNIF 510092560<\/p>\n<p>ABERTO TODOS OS DIAS<br \/>\n<b>Segunda a sexta:<\/b><br \/>\ndas 08h30 \u00e0s 21h00<br \/>\n<b>S\u00e1bados e feriados: <\/b><br \/>\ndas 09h00 \u00e0s 20h00<br \/>\n<b>Domingos: <\/b><br \/>\ndas 09h00 \u00e0s 13h00<\/p>\n<p>Telefones Farm\u00e1cia<br \/>\n<b>252 633 133 | 252 617 900<br \/>\nchamada para rede fixa nacional<\/b><\/p>\n<p>Telefone&nbsp; Perfumaria<br \/>\n<b>961 731 197<br \/>\nChamada para rede m\u00f3vel nacional<\/b><\/p>\n<p>Email<br \/>\n<a href=\"mailto:farmacialusitana4480@gmail.com\">farmacialusitana@4480farmacia.pt<\/a><\/p>\n<\/div>\n<\/div>\n<\/div>\n<\/div>\n<\/div><\/div><hr class=\"separator\" style=\"background-color:#9bc99a;color:#9bc99a;height:2px;width:100%;\" \/><p><strong>Localiza\u00e7\u00e3o no googlemaps<\/strong><\/p>\n<p><iframe style=\"border: 0;\" src=\"https:\/\/www.google.com\/maps\/embed?pb=!1m18!1m12!1m3!1d2994.98563045096!2d-8.74821614866454!3d41.35258057916571!2m3!1f0!2f0!3f0!3m2!1i1024!2i768!4f13.1!3m3!1m2!1s0xd2444018a891f33%3A0xdff18f41a02ccdba!2sFarmacia+Lusitana!5e0!3m2!1spt-PT!2spt!4v1473085393653\" allowfullscreen=\"allowfullscreen\" width=\"100%\" height=\"400\" frameborder=\"0\"><\/iframe><\/p>\n<\/div><\/div><div  class=\"one-half column-block  no-background    be-bg-overlay\" data-animation=\"\" style=\"  vertical-align: top;\"><div class=\"be-custom-column-pad\" style=\"padding-top: 20px;padding-right: 20px;padding-bottom: 20px;padding-left: 20px;\"><p><strong>Formul\u00e1rio de contacto<br \/>\n<\/strong><\/p>\n<div class=\"wpcf7 no-js\" id=\"wpcf7-f19-o1\" lang=\"pt-PT\" dir=\"ltr\">\n<div class=\"screen-reader-response\">\n<p role=\"status\" aria-live=\"polite\" aria-atomic=\"true\">\n<ul><\/ul>\n<\/div>\n<form action=\"\/index.php\/wp-json\/wp\/v2\/pages\/12#wpcf7-f19-o1\" method=\"post\" class=\"wpcf7-form init\" aria-label=\"Formul\u00e1rio de contacto\" novalidate=\"novalidate\" data-status=\"init\">\n<div style=\"display: none;\">\n<input type=\"hidden\" name=\"_wpcf7\" value=\"19\" \/><br \/>\n<input type=\"hidden\" name=\"_wpcf7_version\" value=\"5.8.5\" \/><br \/>\n<input type=\"hidden\" name=\"_wpcf7_locale\" value=\"pt_PT\" \/><br \/>\n<input type=\"hidden\" name=\"_wpcf7_unit_tag\" value=\"wpcf7-f19-o1\" \/><br \/>\n<input type=\"hidden\" name=\"_wpcf7_container_post\" value=\"0\" \/><br \/>\n<input type=\"hidden\" name=\"_wpcf7_posted_data_hash\" value=\"\" \/>\n<\/div>\n<p><label> O seu nome (*)<br \/>\n<span class=\"wpcf7-form-control-wrap\" data-name=\"your-name\"><input size=\"40\" class=\"wpcf7-form-control wpcf7-text wpcf7-validates-as-required\" aria-required=\"true\" aria-invalid=\"false\" value=\"\" type=\"text\" name=\"your-name\" \/><\/span> <\/label>\n<\/p>\n<p><label> O seu email<br \/>\n<span class=\"wpcf7-form-control-wrap\" data-name=\"your-email\"><input size=\"40\" class=\"wpcf7-form-control wpcf7-email wpcf7-validates-as-required wpcf7-text wpcf7-validates-as-email\" aria-required=\"true\" aria-invalid=\"false\" value=\"\" type=\"email\" name=\"your-email\" \/><\/span> <\/label>\n<\/p>\n<p><label> Contacto telef\u00f3nico (*)<br \/>\n<span class=\"wpcf7-form-control-wrap\" data-name=\"telefone\"><input size=\"40\" class=\"wpcf7-form-control wpcf7-text wpcf7-validates-as-required\" aria-required=\"true\" aria-invalid=\"false\" value=\"\" type=\"text\" name=\"telefone\" \/><\/span> <\/label>\n<\/p>\n<p><label> Assunto<br \/>\n<span class=\"wpcf7-form-control-wrap\" data-name=\"your-subject\"><input size=\"40\" class=\"wpcf7-form-control wpcf7-text\" aria-invalid=\"false\" value=\"\" type=\"text\" name=\"your-subject\" \/><\/span> <\/label>\n<\/p>\n<p><label> A sua mensagem<br \/>\n<span class=\"wpcf7-form-control-wrap\" data-name=\"your-message\"><textarea cols=\"40\" rows=\"10\" class=\"wpcf7-form-control wpcf7-textarea\" aria-invalid=\"false\" name=\"your-message\"><\/textarea><\/span> <\/label>\n<\/p>\n<div>\n<p>[recaptcha]\n\t<\/p>\n<\/div>\n<div style=\"height:15px;\">\n<\/div>\n<p><input class=\"wpcf7-form-control wpcf7-submit has-spinner\" type=\"submit\" value=\"Enviar mensagem\" \/>\n<\/p>\n<div class=\"wpcf7-response-output\" aria-hidden=\"true\"><\/div>\n<\/form>\n<\/div>\n<\/div><div class=\" section-overlay\" style=\"background: #cccccc; \" ><\/div><\/div><\/div><\/div><\/div><\/div>","protected":false},"excerpt":{"rendered":"<p>Poder\u00e1 nos enviar uma mensagem atrav\u00e9s do formul\u00e1rio que se encontra nesta p\u00e1gina, utilizar os n\u00fameros de telefone que disponibilizamos ou dirigir-se \u00e0 Farm\u00e1cia Lusitana. Farm\u00e1cia Lusitana Dir. T\u00e9cnica Dr.\u00aa [&hellip;]<\/p>\n<p><a href=\"https:\/\/www.farmacialusitana.com\/index.php\/contactos-farmacia-lusitana-vila-do-conde-de-servico\/\" class=\"more-link style1-button\">Read More<\/a><\/p>","protected":false},"author":1,"featured_media":0,"parent":0,"menu_order":0,"comment_status":"closed","ping_status":"closed","template":"","meta":[],"_links":{"self":[{"href":"https:\/\/www.farmacialusitana.com\/index.php\/wp-json\/wp\/v2\/pages\/12"}],"collection":[{"href":"https:\/\/www.farmacialusitana.com\/index.php\/wp-json\/wp\/v2\/pages"}],"about":[{"href":"https:\/\/www.farmacialusitana.com\/index.php\/wp-json\/wp\/v2\/types\/page"}],"author":[{"embeddable":true,"href":"https:\/\/www.farmacialusitana.com\/index.php\/wp-json\/wp\/v2\/users\/1"}],"replies":[{"embeddable":true,"href":"https:\/\/www.farmacialusitana.com\/index.php\/wp-json\/wp\/v2\/comments?post=12"}],"version-history":[{"count":9,"href":"https:\/\/www.farmacialusitana.com\/index.php\/wp-json\/wp\/v2\/pages\/12\/revisions"}],"predecessor-version":[{"id":112,"href":"https:\/\/www.farmacialusitana.com\/index.php\/wp-json\/wp\/v2\/pages\/12\/revisions\/112"}],"wp:attachment":[{"href":"https:\/\/www.farmacialusitana.com\/index.php\/wp-json\/wp\/v2\/media?parent=12"}],"curies":[{"name":"wp","href":"https:\/\/api.w.org\/{rel}","templated":true}]}}