{"id":216,"date":"2016-09-08T16:32:11","date_gmt":"2016-09-08T16:32:11","guid":{"rendered":"http:\/\/www.farmacia-lusitana.com\/?page_id=216"},"modified":"2019-11-14T14:45:52","modified_gmt":"2019-11-14T14:45:52","slug":"perfumaria-e-cosmetica-seletiva","status":"publish","type":"page","link":"https:\/\/www.farmacialusitana.com\/index.php\/perfumaria-e-cosmetica-seletiva\/","title":{"rendered":"Perfumaria e cosm\u00e9tica selectiva"},"content":{"rendered":"<div class=\"be-section         clearfix\" data-headerscheme=\"background--light\" style=\" \"  data-title = \"ttile\"><div class=\"be-section-pad clearfix be-edge-padding\" style=\" padding-top:0px;padding-bottom:20px;padding-left:10%; padding-right:10%;\" data-padding-top = \"0\"><div  class=\"be-row be-wrap clearfix \"><div  class=\"one-col column-block clearfix  no-background    \" data-animation=\"\" style=\"  \"><div class=\"be-custom-column-inner\"><div class=\"special-heading-wrap style3 \" data-animation=\"fadeIn\"><div class=\"special-heading align-center\"><h4 class=\"special-h-tag\" style=\"color: \">O rosto \u00e9 um espelho onde se refletem os movimentos da vida interior, dedique-lhe todos os cuidados.<\/h4><\/div><\/div><hr class=\"separator\" style=\"background-color:#eeeeee;color:#eeeeee;height:2px;width:100%;\" \/><\/div><\/div><\/div><\/div><\/div><div class=\"be-section         clearfix\" data-headerscheme=\"background--light\" style=\" background-color: #ffffff;border-bottom:0px solid #eeee22;\"  ><div class=\"be-section-pad clearfix be-edge-padding\" style=\" padding-top:10px;padding-bottom:10px;padding-left:15%; padding-right:15%;\" data-padding-top = \"10\"><div  class=\"be-row  \"><div  class=\"one-third column-block  no-background    \" data-animation=\"\" style=\"  \"><div class=\"be-custom-column-inner\"><div class=\" content-slide-wrap\" data-animation=\"flash\" ><div class=\" content-slider clearfix\"><ul class=\"clearfix slides content_slider_module clearfix\" data-slide-show=\"0\" data-slide-show-speed=\"4000\" data-slide-animation-type=\"slide\"><li class=\"content_slide slide clearfix\"><div class=\"content_slide_inner\" style=\"width: 400%\"><div class=\"content-slide-content\"><p><img class=\"alignnone wp-image-222 size-medium\" src=\"https:\/\/www.farmacialusitana.com\/wp-content\/uploads\/2016\/09\/JBS_0595_conv-1-300x200.jpg\" alt=\"JBS_0595_conv\" width=\"300\" height=\"200\"><\/p>\n<\/div><\/div><\/li><li class=\"content_slide slide clearfix\"><div class=\"content_slide_inner\" style=\"width: 400%\"><div class=\"content-slide-content\"><p><img class=\"alignnone wp-image-193 size-medium\" src=\"https:\/\/www.farmacialusitana.com\/wp-content\/uploads\/2016\/09\/IMG_9664-300x300.jpg\" alt=\"IMG_9664\" width=\"300\" height=\"300\"><\/p>\n<\/div><\/div><\/li><li class=\"content_slide slide clearfix\"><div class=\"content_slide_inner\" style=\"width: 400%\"><div class=\"content-slide-content\"><div id=\"attachment_152\" style=\"width: 1034px\" class=\"wp-caption alignnone\"><img aria-describedby=\"caption-attachment-152\" class=\"wp-image-152 size-large\" src=\"https:\/\/www.farmacialusitana.com\/wp-content\/uploads\/2016\/09\/13774268_1662315010753233_1970986951_n-1-1024x1024.jpg\" alt=\"Huile Confort L\u00e9vres \u00e9 toda a experi\u00eancia Clarins, num \u00f3leo que nutre os l\u00e1bios ao mesmo tempo que os sublima #clarins #huileconfortlevres #baton #lipstick #beleza #beauty #ver\u00e3o #summer #farmacialusitana #viladoconde\" width=\"1024\" height=\"1024\"><\/p>\n<p id=\"caption-attachment-152\" class=\"wp-caption-text\">Huile Confort L\u00e9vres \u00e9 toda a experi\u00eancia Clarins, num \u00f3leo que nutre os l\u00e1bios ao mesmo tempo que os sublima.<\/p>\n<\/div>\n<\/div><\/div><\/li><li class=\"content_slide slide clearfix\"><div class=\"content_slide_inner\" style=\"width: 400%\"><div class=\"content-slide-content\"><div id=\"attachment_147\" style=\"width: 760px\" class=\"wp-caption alignnone\"><img aria-describedby=\"caption-attachment-147\" class=\"wp-image-147 size-full\" src=\"https:\/\/www.farmacialusitana.com\/wp-content\/uploads\/2016\/09\/14269260_297326930632785_1685351841_n-1.jpg\" alt=\"Booster Repair Clarins combate a pele desidratada e irritada ap\u00f3s muita exposi\u00e7\u00e3o solar! #clarins #boosterrepair #tratamento #beleza #skincare #farmacialusitana #viladoconde\" width=\"750\" height=\"750\"><\/p>\n<p id=\"caption-attachment-147\" class=\"wp-caption-text\">Booster Repair Clarins combate a pele desidratada e irritada ap\u00f3s muita exposi\u00e7\u00e3o solar!&nbsp;<\/p>\n<p>&nbsp;<\/p>\n<\/div>\n<\/div><\/div><\/li><li class=\"content_slide slide clearfix\"><div class=\"content_slide_inner\" style=\"width: 400%\"><div class=\"content-slide-content\"><div id=\"attachment_231\" style=\"width: 1034px\" class=\"wp-caption alignnone\"><img aria-describedby=\"caption-attachment-231\" class=\"wp-image-231 size-large\" src=\"https:\/\/www.farmacialusitana.com\/wp-content\/uploads\/2016\/09\/14278866_1702520490073567_246508394_n-1024x1024.jpg\" alt=\"Reserve o seu fim de semana para relaxar com um banho de Alfazema Proven\u00e7al da Phebo #phebo #alfazemaproven\u00e7al #spa #weekend #relax #farmacialusitana #viladoconde\" width=\"1024\" height=\"1024\"><\/p>\n<p id=\"caption-attachment-231\" class=\"wp-caption-text\">Reserve o seu fim de semana para relaxar com um banho de Alfazema Proven\u00e7al da Phebo.<\/p>\n<\/div>\n<\/div><\/div><\/li><li class=\"content_slide slide clearfix\"><div class=\"content_slide_inner\" style=\"width: 400%\"><div class=\"content-slide-content\"><p><img class=\"alignnone wp-image-190 size-large\" src=\"https:\/\/www.farmacialusitana.com\/wp-content\/uploads\/2016\/09\/IMG_9661-1024x994.jpg\" alt=\"IMG_9661\" width=\"1024\" height=\"994\"><\/p>\n<\/div><\/div><\/li><li class=\"content_slide slide clearfix\"><div class=\"content_slide_inner\" style=\"width: 400%\"><div class=\"content-slide-content\"><p><img class=\"alignnone wp-image-191 size-large\" src=\"https:\/\/www.farmacialusitana.com\/wp-content\/uploads\/2016\/09\/IMG_9662-1024x998.jpg\" alt=\"IMG_9662\" width=\"1024\" height=\"998\"><\/p>\n<\/div><\/div><\/li><li class=\"content_slide slide clearfix\"><div class=\"content_slide_inner\" style=\"width: 400%\"><div class=\"content-slide-content\"><div id=\"attachment_164\" style=\"width: 1034px\" class=\"wp-caption alignnone\"><img aria-describedby=\"caption-attachment-164\" class=\"size-large wp-image-164\" src=\"http:\/\/www.farmacia-lusitana.com\/wp-content\/uploads\/2016\/09\/14063264_419426001561154_1783556291_n-2-1024x1024.jpg\" alt=\"A Nova fragr\u00e2ncia de Ch\u00e1 Branco Granado, inclui tamb\u00e9m o creme de m\u00e3os, o hidratante e o sabonete l\u00edquido. Tem que experimentar!! #granado #ch\u00e1branco #terapeutics #instabeauty #cremedem\u00e3os #hidratante #saboneteliquido #cuidadoscorporais #farmacialusitana #viladoconde\" width=\"1024\" height=\"1024\"><\/p>\n<p id=\"caption-attachment-164\" class=\"wp-caption-text\">A Nova fragr\u00e2ncia de Ch\u00e1 Branco Granado, inclui tamb\u00e9m o creme de m\u00e3os, o hidratante e o sabonete l\u00edquido. Tem que experimentar!!<\/p>\n<\/div>\n<\/div><\/div><\/li><li class=\"content_slide slide clearfix\"><div class=\"content_slide_inner\" style=\"width: 400%\"><div class=\"content-slide-content\"><div id=\"attachment_164\" style=\"width: 1034px\" class=\"wp-caption alignnone\"><img aria-describedby=\"caption-attachment-164\" class=\"size-large wp-image-164\" src=\"http:\/\/www.farmacia-lusitana.com\/wp-content\/uploads\/2016\/09\/14063264_419426001561154_1783556291_n-2-1024x1024.jpg\" alt=\"A Nova fragr\u00e2ncia de Ch\u00e1 Branco Granado, inclui tamb\u00e9m o creme de m\u00e3os, o hidratante e o sabonete l\u00edquido. Tem que experimentar!! #granado #ch\u00e1branco #terapeutics #instabeauty #cremedem\u00e3os #hidratante #saboneteliquido #cuidadoscorporais #farmacialusitana #viladoconde\" width=\"1024\" height=\"1024\"><\/p>\n<p id=\"caption-attachment-164\" class=\"wp-caption-text\">A Nova fragr\u00e2ncia de Ch\u00e1 Branco Granado, inclui tamb\u00e9m o creme de m\u00e3os, o hidratante e o sabonete l\u00edquido. Tem que experimentar!!<\/p>\n<\/div>\n<\/div><\/div><\/li><li class=\"content_slide slide clearfix\"><div class=\"content_slide_inner\" style=\"width: 400%\"><div class=\"content-slide-content\"><div id=\"attachment_172\" style=\"width: 1034px\" class=\"wp-caption alignnone\"><img aria-describedby=\"caption-attachment-172\" class=\"size-large wp-image-172\" src=\"http:\/\/www.farmacia-lusitana.com\/wp-content\/uploads\/2016\/09\/13744050_1175721519136178_2104229248_n-2-1024x1024.jpg\" alt=\"Nada melhor para afastar os insectos nos dias de calor do que as Velas e os Ambientadores Citronela da Granado \u00e1 base de extractos naturais. Al\u00e9m de criarem um ambiente muito cheiroso e agrad\u00e1vel. #granado #citronela #velascitronela #ambientadorescitronela #verao #farmacialusitana #viladoconde\" width=\"1024\" height=\"1024\"><\/p>\n<p id=\"caption-attachment-172\" class=\"wp-caption-text\">Nada melhor para afastar os insectos nos dias de calor do que as Velas e os Ambientadores Citronela da Granado \u00e1 base de extractos naturais. Al\u00e9m de criarem um ambiente muito cheiroso e agrad\u00e1vel.<\/p>\n<\/div>\n<\/div><\/div><\/li><\/ul><\/div><\/div><\/div><\/div><div  class=\"two-third column-block  no-background    \" data-animation=\"\" style=\"  vertical-align: top;\"><div class=\"be-custom-column-inner\"><h4><strong>PERFUMARIA E COSM\u00c9TICA SELECTIVA<\/strong><\/h4>\n<p>Aguardamos a sua visita para experimentar as \u00faltimas fragr\u00e2ncias das v\u00e1rias marcar:<\/p>\n<ul>\n<li>Clarins<\/li>\n<li>Granado<\/li>\n<li>Phebo<\/li>\n<li>bellaoggi<\/li>\n<li>Boss<\/li>\n<li>Issey Miyake<\/li>\n<li>Bvlgari<\/li>\n<li>Dolce &amp; Gabbana<\/li>\n<li>Calvin Klein<\/li>\n<li>Gucci<\/li>\n<li>Kenzo<\/li>\n<li>Roger &amp; Gallet<\/li>\n<\/ul>\n<\/div><\/div><\/div><\/div><\/div><div class=\"be-section         clearfix\" data-headerscheme=\"background--light\" style=\" \"  data-title = \"ttile\"><div class=\"be-section-pad clearfix be-edge-padding\" style=\" padding-top:20px;padding-bottom:40px;padding-left:10%; padding-right:10%;\" data-padding-top = \"20\"><div  class=\"be-row be-wrap clearfix \"><div  class=\"one-col column-block clearfix  no-background    \" data-animation=\"\" style=\"  \"><div class=\"be-custom-column-inner\"><hr class=\"separator\" style=\"background-color:#eeeeee;color:#eeeeee;height:2px;width:100%;\" \/><\/div><\/div><\/div><\/div><\/div>","protected":false},"excerpt":{"rendered":"<p>O rosto \u00e9 um espelho onde se refletem os movimentos da vida interior, dedique-lhe todos os cuidados. Huile Confort L\u00e9vres \u00e9 toda a experi\u00eancia Clarins, num \u00f3leo que nutre os [&hellip;]<\/p>\n<p><a href=\"https:\/\/www.farmacialusitana.com\/index.php\/perfumaria-e-cosmetica-seletiva\/\" class=\"more-link style1-button\">Read More<\/a><\/p>","protected":false},"author":1,"featured_media":0,"parent":0,"menu_order":0,"comment_status":"closed","ping_status":"closed","template":"","meta":[],"_links":{"self":[{"href":"https:\/\/www.farmacialusitana.com\/index.php\/wp-json\/wp\/v2\/pages\/216"}],"collection":[{"href":"https:\/\/www.farmacialusitana.com\/index.php\/wp-json\/wp\/v2\/pages"}],"about":[{"href":"https:\/\/www.farmacialusitana.com\/index.php\/wp-json\/wp\/v2\/types\/page"}],"author":[{"embeddable":true,"href":"https:\/\/www.farmacialusitana.com\/index.php\/wp-json\/wp\/v2\/users\/1"}],"replies":[{"embeddable":true,"href":"https:\/\/www.farmacialusitana.com\/index.php\/wp-json\/wp\/v2\/comments?post=216"}],"version-history":[{"count":3,"href":"https:\/\/www.farmacialusitana.com\/index.php\/wp-json\/wp\/v2\/pages\/216\/revisions"}],"predecessor-version":[{"id":445,"href":"https:\/\/www.farmacialusitana.com\/index.php\/wp-json\/wp\/v2\/pages\/216\/revisions\/445"}],"wp:attachment":[{"href":"https:\/\/www.farmacialusitana.com\/index.php\/wp-json\/wp\/v2\/media?parent=216"}],"curies":[{"name":"wp","href":"https:\/\/api.w.org\/{rel}","templated":true}]}}