{"id":441,"date":"2018-12-12T16:12:31","date_gmt":"2018-12-12T16:12:31","guid":{"rendered":"https:\/\/www.farmacia-lusitana.com\/?page_id=441"},"modified":"2022-11-09T10:59:20","modified_gmt":"2022-11-09T10:59:20","slug":"dermocosmetica","status":"publish","type":"page","link":"https:\/\/www.farmacialusitana.com\/index.php\/dermocosmetica\/","title":{"rendered":"Dermocosm\u00e9tica"},"content":{"rendered":"<div class=\"be-section         clearfix\" data-headerscheme=\"background--light\" style=\" \"  data-title = \"ttile\"><div class=\"be-section-pad clearfix be-edge-padding\" style=\" padding-top:0px;padding-bottom:20px;padding-left:10%; padding-right:10%;\" data-padding-top = \"0\"><div  class=\"be-row be-wrap clearfix \"><div  class=\"one-col column-block clearfix  no-background    \" data-animation=\"\" style=\"  \"><div class=\"be-custom-column-inner\"><div class=\"special-heading-wrap style3 \" data-animation=\"fadeIn\"><div class=\"special-heading align-center\"><h4 class=\"special-h-tag\" style=\"color: \">O rosto \u00e9 um espelho onde se refletem os movimentos da vida interior, dedique-lhe todos os cuidados.<\/h4><\/div><\/div><hr class=\"separator\" style=\"background-color:#eeeeee;color:#eeeeee;height:2px;width:100%;\" \/><\/div><\/div><\/div><\/div><\/div><div class=\"be-section         clearfix\" data-headerscheme=\"background--light\" style=\" background-color: #ffffff;border-bottom:0px solid #eeee22;\"  ><div class=\"be-section-pad clearfix be-edge-padding\" style=\" padding-top:10px;padding-bottom:10px;padding-left:15%; padding-right:15%;\" data-padding-top = \"10\"><div  class=\"be-row  \"><div  class=\"one-third column-block  no-background    \" data-animation=\"\" style=\"  \"><div class=\"be-custom-column-inner\"><div class=\" content-slide-wrap\" data-animation=\"flash\" ><div class=\" content-slider clearfix\"><ul class=\"clearfix slides content_slider_module clearfix\" data-slide-show=\"0\" data-slide-show-speed=\"4000\" data-slide-animation-type=\"slide\"><li class=\"content_slide slide clearfix\"><div class=\"content_slide_inner\" style=\"width: 400%\"><div class=\"content-slide-content\"><div id=\"attachment_229\" style=\"width: 1034px\" class=\"wp-caption alignnone\"><img aria-describedby=\"caption-attachment-229\" class=\"wp-image-229 size-large\" src=\"https:\/\/www.farmacialusitana.com\/wp-content\/uploads\/2016\/09\/14156432_515865435276560_1628652297_n-1024x1024.jpg\" alt=\"Na sua rotina di\u00e1ria crie um programa de limpeza de rosto Caudalie \u00e1 sua medida. Escolha um dos novos exfoliantes e a m\u00e1scara adequada para obter uma pele radiosa. #caudalie #vinotherapi #masquepeeling #masqueinstantdetox #masquecremehydratant #masquepurifiant #cremegommantdolce #cremeexfoliantedesincrustante #farmacislusitana #viladoconde\" width=\"1024\" height=\"1024\"><\/p>\n<p id=\"caption-attachment-229\" class=\"wp-caption-text\">Na sua rotina di\u00e1ria crie um programa de limpeza de rosto Caudalie \u00e1 sua medida. Escolha um dos novos exfoliantes e a m\u00e1scara adequada para obter uma pele radiosa.<\/p>\n<\/div>\n<\/div><\/div><\/li><li class=\"content_slide slide clearfix\"><div class=\"content_slide_inner\" style=\"width: 400%\"><div class=\"content-slide-content\"><div id=\"attachment_228\" style=\"width: 1034px\" class=\"wp-caption alignnone\"><img aria-describedby=\"caption-attachment-228\" class=\"wp-image-228 size-large\" src=\"https:\/\/www.farmacialusitana.com\/wp-content\/uploads\/2016\/09\/14156567_1194295353944870_2027364091_n-1024x1024.jpg\" width=\"1024\" height=\"1024\"><\/p>\n<p id=\"caption-attachment-228\" class=\"wp-caption-text\">Nova Beauty Elixir Edi\u00e7\u00e3o Limitada, desenhada por Jason Wu para a Caudalie #caudalie #jasonwu #edicaolimitada #farmacialusitana #viladoconde<\/p>\n<\/div>\n<\/div><\/div><\/li><li class=\"content_slide slide clearfix\"><div class=\"content_slide_inner\" style=\"width: 400%\"><div class=\"content-slide-content\"><div id=\"attachment_148\" style=\"width: 1034px\" class=\"wp-caption alignnone\"><img aria-describedby=\"caption-attachment-148\" class=\"wp-image-148 size-large\" src=\"https:\/\/www.farmacialusitana.com\/wp-content\/uploads\/2016\/09\/14073170_526517614225930_1752255942_n-1-1024x1024.jpg\" alt=\"Ilumine a sua pele com o Huile Prodigieuse Or da Nuxe. \u00c9 uma verdadeira guloseima para a pele! #nuxe #huileprodigieuse #beauty #beleza #summer #ver\u00e3o #farmacialusitana #viladoconde\" width=\"1024\" height=\"1024\"><\/p>\n<p id=\"caption-attachment-148\" class=\"wp-caption-text\">Ilumine a sua pele com o Huile Prodigieuse Or da Nuxe. \u00c9 uma verdadeira guloseima para a pele!&nbsp;<\/p>\n<p>&nbsp;<\/p>\n<\/div>\n<\/div><\/div><\/li><li class=\"content_slide slide clearfix\"><div class=\"content_slide_inner\" style=\"width: 400%\"><div class=\"content-slide-content\"><div id=\"attachment_279\" style=\"width: 1034px\" class=\"wp-caption alignnone\"><img aria-describedby=\"caption-attachment-279\" class=\"wp-image-279 size-large\" src=\"https:\/\/www.farmacialusitana.com\/wp-content\/uploads\/2016\/09\/14474156_1153272221406534_6369489620123516928_n-1024x1024.jpg\" alt=\"Novo Anti Idade Caudalie Efeito lifting com toque de caxemira e textura sensorial, nutre, corrige as rugas e redensifica a pele num s\u00f3 gesto. #caudalie #resveratrollift #cremecachemire #redensifiant #acidohialuronico #resveratrol #beauty #farmacialusitana #viladoconde\" width=\"1024\" height=\"1024\"><\/p>\n<p id=\"caption-attachment-279\" class=\"wp-caption-text\">Novo Anti Idade Caudalie Efeito lifting com toque de caxemira e textura sensorial, nutre, corrige as rugas e redensifica a pele num s\u00f3 gesto.&nbsp;<\/p>\n<\/div>\n<\/div><\/div><\/li><li class=\"content_slide slide clearfix\"><div class=\"content_slide_inner\" style=\"width: 400%\"><div class=\"content-slide-content\"><p><img class=\"alignnone wp-image-278 size-large\" src=\"https:\/\/www.farmacialusitana.com\/wp-content\/uploads\/2016\/09\/IMG_9656-1024x553.jpg\" alt=\"IMG_9656\" width=\"1024\" height=\"553\"><\/p>\n<\/div><\/div><\/li><\/ul><\/div><\/div><\/div><\/div><div  class=\"two-third column-block  no-background    \" data-animation=\"\" style=\"  vertical-align: top;\"><div class=\"be-custom-column-inner\"><h4><strong>DERMOCOSM\u00c9TICA<\/strong><\/h4>\n<p>Entre os nosso servi\u00e7os destacamos as Massagens Terap\u00eauticas.<br \/>\nEncontrar\u00e1 na Farm\u00e1cia Lusitana v\u00e1rios produtos das melhores marcas do mercado:<\/p>\n<p>.&nbsp;Filorga<br \/>\n.&nbsp;MartiDerm<br \/>\n.&nbsp;Sesderma<br \/>\n.&nbsp;NeoStrata<br \/>\n.&nbsp;Caudalie<br \/>\n.&nbsp;Nuxe<br \/>\n.&nbsp;Lierac<br \/>\n.&nbsp;Av\u00e8ne<br \/>\n.&nbsp;SkinCeuticals<br \/>\n.&nbsp;Bioderma<br \/>\n.&nbsp;La Roche-Posay<br \/>\n.&nbsp;Uriage<br \/>\n.&nbsp;Vichy<br \/>\n.&nbsp;Dercos<br \/>\n.&nbsp;Phyto<br \/>\n.&nbsp;Rene Furterer<br \/>\n.&nbsp;Klorane<br \/>\n. Isdinceutics<br \/>\n. Institut Esthederm<\/p>\n<p>&nbsp;<\/p>\n<\/div><\/div><\/div><\/div><\/div><div class=\"be-section         clearfix\" data-headerscheme=\"background--light\" style=\" \"  data-title = \"ttile\"><div class=\"be-section-pad clearfix be-edge-padding\" style=\" padding-top:20px;padding-bottom:20px;padding-left:10%; padding-right:10%;\" data-padding-top = \"20\"><div  class=\"be-row be-wrap clearfix \"><div  class=\"one-col column-block clearfix  no-background    \" data-animation=\"\" style=\"  \"><div class=\"be-custom-column-inner\"><div class=\"linebreak \" style=\"height:100px;\"><\/div><\/div><\/div><\/div><\/div><\/div>","protected":false},"excerpt":{"rendered":"<p>O rosto \u00e9 um espelho onde se refletem os movimentos da vida interior, dedique-lhe todos os cuidados. Na sua rotina di\u00e1ria crie um programa de limpeza de rosto Caudalie \u00e1 [&hellip;]<\/p>\n<p><a href=\"https:\/\/www.farmacialusitana.com\/index.php\/dermocosmetica\/\" class=\"more-link style1-button\">Read More<\/a><\/p>","protected":false},"author":1,"featured_media":0,"parent":0,"menu_order":0,"comment_status":"closed","ping_status":"closed","template":"","meta":[],"_links":{"self":[{"href":"https:\/\/www.farmacialusitana.com\/index.php\/wp-json\/wp\/v2\/pages\/441"}],"collection":[{"href":"https:\/\/www.farmacialusitana.com\/index.php\/wp-json\/wp\/v2\/pages"}],"about":[{"href":"https:\/\/www.farmacialusitana.com\/index.php\/wp-json\/wp\/v2\/types\/page"}],"author":[{"embeddable":true,"href":"https:\/\/www.farmacialusitana.com\/index.php\/wp-json\/wp\/v2\/users\/1"}],"replies":[{"embeddable":true,"href":"https:\/\/www.farmacialusitana.com\/index.php\/wp-json\/wp\/v2\/comments?post=441"}],"version-history":[{"count":1,"href":"https:\/\/www.farmacialusitana.com\/index.php\/wp-json\/wp\/v2\/pages\/441\/revisions"}],"predecessor-version":[{"id":443,"href":"https:\/\/www.farmacialusitana.com\/index.php\/wp-json\/wp\/v2\/pages\/441\/revisions\/443"}],"wp:attachment":[{"href":"https:\/\/www.farmacialusitana.com\/index.php\/wp-json\/wp\/v2\/media?parent=441"}],"curies":[{"name":"wp","href":"https:\/\/api.w.org\/{rel}","templated":true}]}}