{"id":448,"date":"2018-12-12T16:26:08","date_gmt":"2018-12-12T16:26:08","guid":{"rendered":"https:\/\/www.farmacia-lusitana.com\/?page_id=448"},"modified":"2019-11-14T14:46:22","modified_gmt":"2019-11-14T14:46:22","slug":"mama-e-bebe","status":"publish","type":"page","link":"https:\/\/www.farmacialusitana.com\/index.php\/mama-e-bebe\/","title":{"rendered":"Mam\u00e3 e beb\u00e9"},"content":{"rendered":"<div class=\"be-section         clearfix\" data-headerscheme=\"background--light\" style=\" \"  data-title = \"ttile\"><div class=\"be-section-pad clearfix be-edge-padding\" style=\" padding-top:20px;padding-bottom:20px;padding-left:10%; padding-right:10%;\" data-padding-top = \"20\"><div  class=\"be-row be-wrap clearfix \"><div  class=\"one-col column-block clearfix  no-background    \" data-animation=\"\" style=\"  \"><div class=\"be-custom-column-inner\"><hr class=\"separator\" style=\"background-color:#eeeeee;color:#eeeeee;height:2px;width:100%;\" \/><\/div><\/div><\/div><\/div><\/div><div class=\"be-section         clearfix\" data-headerscheme=\"background--light\" style=\" background-color: #ffffff;border-bottom:0px solid #eeee22;\"  ><div class=\"be-section-pad clearfix be-edge-padding\" style=\" padding-top:10px;padding-bottom:10px;padding-left:15%; padding-right:15%;\" data-padding-top = \"10\"><div  class=\"be-row  \"><div  class=\"one-third column-block  no-background    \" data-animation=\"\" style=\"  \"><div class=\"be-custom-column-inner\"><div class=\" content-slide-wrap\" data-animation=\"flash\" ><div class=\" content-slider clearfix\"><ul class=\"clearfix slides content_slider_module clearfix\" data-slide-show=\"0\" data-slide-show-speed=\"4000\" data-slide-animation-type=\"slide\"><li class=\"content_slide slide clearfix\"><div class=\"content_slide_inner\" style=\"width: 400%\"><div class=\"content-slide-content\"><p><img class=\"alignnone wp-image-214 size-medium\" src=\"https:\/\/www.farmacialusitana.com\/wp-content\/uploads\/2016\/09\/IMG_9655-270x300.jpg\" alt=\"IMG_9655\" width=\"270\" height=\"300\"><\/p>\n<\/div><\/div><\/li><li class=\"content_slide slide clearfix\"><div class=\"content_slide_inner\" style=\"width: 400%\"><div class=\"content-slide-content\"><p><img class=\"alignnone wp-image-78 size-full\" src=\"https:\/\/www.farmacialusitana.com\/wp-content\/uploads\/2016\/09\/14237586_886205061523249_7808055741825402576_n.jpg\" alt=\"14237586_886205061523249_7808055741825402576_n\" width=\"478\" height=\"395\"><\/p>\n<\/div><\/div><\/li><\/ul><\/div><\/div><\/div><\/div><div  class=\"two-third column-block  no-background    \" data-animation=\"\" style=\"  vertical-align: top;\"><div class=\"be-custom-column-inner\"><h4><strong>M\u00c3E E BEB\u00c9&nbsp;<\/strong><\/h4>\n<p>. Alimenta\u00e7\u00e3o infantil<br \/>\nAlgumas marcas dispon\u00edveis:<\/p>\n<div style=\"float: left; padding-left: 30px;\">\n<h5>. <a href=\"http:\/\/www.suavinex.com\/\" target=\"blank\">Suavinex<\/a><br \/>\n. <a href=\"http:\/\/www.chicco.pt\/produtos-chicco\/higiene-e-bem-estar.html\" target=\"blank\">Chicco<\/a><br \/>\n. <a href=\"http:\/\/www.artsana.com\/HOME\/tabid\/39\/language\/en-US\/Default.aspx\" target=\"blank\">Artsana<\/a><br \/>\n. <a href=\"http:\/\/bebeinnova.com\/drbrownspt\/\" target=\"blank\">Dr Brown\u2019s<\/a><br \/>\n. <a href=\"http:\/\/www.nuvitababy.com\/es\/productos\/\" target=\"blank\">Nuvita<\/a><br \/>\n. <a href=\"http:\/\/sarobaby.pt\/\" target=\"blank\">Saro<\/a><\/h5>\n<\/div>\n<div style=\"float: left; padding-left: 30px;\">\n<h5>. <a href=\"http:\/\/www.klorane.pt\/bebe\/\" target=\"blank\">Klorane<\/a><br \/>\n. <a href=\"http:\/\/alergia.leti.com\/pt\/produtos_2391\" target=\"blank\">Leti<\/a><br \/>\n. <a href=\"http:\/\/www.mustela.pt\/\" target=\"blank\">Mustela<\/a><br \/>\n. <a href=\"http:\/\/es.aveeno.com\/category\/our+products\/baby-skin-care.do\" target=\"blank\">Aveeno<\/a><br \/>\n. <a href=\"http:\/\/www.uriage.com\/PT\/pt\/gamas\/1os-cuidados-do-bebe\" target=\"blank\">Uriage beb\u00e9<\/a><br \/>\n. <a href=\"http:\/\/www.bioderma.pt\/produtos\/abcderm\" target=\"blank\">ABCDerm<\/a><\/h5>\n<\/div>\n<\/div><\/div><\/div><\/div><\/div><div class=\"be-section         clearfix\" data-headerscheme=\"background--light\" style=\" \"  data-title = \"ttile\"><div class=\"be-section-pad clearfix be-edge-padding\" style=\" padding-top:20px;padding-bottom:20px;padding-left:10%; padding-right:10%;\" data-padding-top = \"20\"><div  class=\"be-row be-wrap clearfix \"><div  class=\"one-col column-block clearfix  no-background    \" data-animation=\"\" style=\"  \"><div class=\"be-custom-column-inner\"><hr class=\"separator\" style=\"background-color:#eeeeee;color:#eeeeee;height:2px;width:100%;\" \/><\/div><\/div><\/div><\/div><\/div><div class=\"be-section         clearfix\" data-headerscheme=\"background--light\" style=\" \"  data-title = \"ttile\"><div class=\"be-section-pad clearfix be-edge-padding\" style=\" padding-top:20px;padding-bottom:40px;padding-left:10%; padding-right:10%;\" data-padding-top = \"20\"><div  class=\"be-row be-wrap clearfix \"><div  class=\"one-col column-block clearfix  no-background    \" data-animation=\"\" style=\"  \"><div class=\"be-custom-column-inner\"><hr class=\"separator\" style=\"background-color:#eeeeee;color:#eeeeee;height:2px;width:100%;\" \/><\/div><\/div><\/div><\/div><\/div>","protected":false},"excerpt":{"rendered":"<p>M\u00c3E E BEB\u00c9&nbsp; . Alimenta\u00e7\u00e3o infantil Algumas marcas dispon\u00edveis: . Suavinex . Chicco . Artsana . Dr Brown\u2019s . Nuvita . Saro . Klorane . Leti . Mustela . Aveeno [&hellip;]<\/p>\n<p><a href=\"https:\/\/www.farmacialusitana.com\/index.php\/mama-e-bebe\/\" class=\"more-link style1-button\">Read More<\/a><\/p>","protected":false},"author":1,"featured_media":0,"parent":0,"menu_order":0,"comment_status":"closed","ping_status":"closed","template":"","meta":[],"_links":{"self":[{"href":"https:\/\/www.farmacialusitana.com\/index.php\/wp-json\/wp\/v2\/pages\/448"}],"collection":[{"href":"https:\/\/www.farmacialusitana.com\/index.php\/wp-json\/wp\/v2\/pages"}],"about":[{"href":"https:\/\/www.farmacialusitana.com\/index.php\/wp-json\/wp\/v2\/types\/page"}],"author":[{"embeddable":true,"href":"https:\/\/www.farmacialusitana.com\/index.php\/wp-json\/wp\/v2\/users\/1"}],"replies":[{"embeddable":true,"href":"https:\/\/www.farmacialusitana.com\/index.php\/wp-json\/wp\/v2\/comments?post=448"}],"version-history":[{"count":1,"href":"https:\/\/www.farmacialusitana.com\/index.php\/wp-json\/wp\/v2\/pages\/448\/revisions"}],"predecessor-version":[{"id":450,"href":"https:\/\/www.farmacialusitana.com\/index.php\/wp-json\/wp\/v2\/pages\/448\/revisions\/450"}],"wp:attachment":[{"href":"https:\/\/www.farmacialusitana.com\/index.php\/wp-json\/wp\/v2\/media?parent=448"}],"curies":[{"name":"wp","href":"https:\/\/api.w.org\/{rel}","templated":true}]}}